{"id":50,"date":"2026-01-22T11:40:02","date_gmt":"2026-01-22T11:40:02","guid":{"rendered":"https:\/\/referralcode.us.com\/?page_id=50"},"modified":"2026-03-07T08:05:05","modified_gmt":"2026-03-07T08:05:05","slug":"about-us","status":"publish","type":"page","link":"https:\/\/referralcode.us.com\/pt\/about-us\/","title":{"rendered":"Sobre n\u00f3s"},"content":{"rendered":"<div data-elementor-type=\"wp-page\" data-elementor-id=\"50\" class=\"elementor elementor-50\" data-elementor-post-type=\"page\">\n\t\t\t\t<div class=\"elementor-element elementor-element-0c4f621 e-flex e-con-boxed e-con e-parent\" data-id=\"0c4f621\" data-element_type=\"container\" data-e-type=\"container\">\n\t\t\t\t\t<div class=\"e-con-inner\">\n\t\t\t\t<div class=\"elementor-element elementor-element-9b0a682 elementor-widget elementor-widget-html\" data-id=\"9b0a682\" data-element_type=\"widget\" data-e-type=\"widget\" data-widget_type=\"html.default\">\n\t\t\t\t\t<!-- GOOGLE FONTS -->\r\n<link href=\"https:\/\/fonts.googleapis.com\/css2?family=Inter:wght@400;500;600&family=Playfair+Display:wght@600;700&display=swap\" rel=\"stylesheet\">\r\n\r\n<style>\r\n:root {\r\n  --primary-orange: #F36A4C;\r\n  --soft-orange: #FDEDE7;\r\n  --cream-bg: #FFFCF8;\r\n  --dark-text: #1F2937;\r\n  --muted-text: #6B7280;\r\n  --border-light: #E5E7EB;\r\n  --white: #ffffff;\r\n}\r\n\r\n.about-section {\r\n  background: var(--cream-bg);\r\n  padding: 90px 20px;\r\n  font-family: 'Inter', sans-serif;\r\n}\r\n\r\n.about-container {\r\n  max-width: 1100px;\r\n  margin: auto;\r\n}\r\n\r\n\/* ================= HEADER ================= *\/\r\n.about-header {\r\n  text-align: center;\r\n  margin-bottom: 70px;\r\n}\r\n\r\n.about-header h1 {\r\n  font-family: 'Playfair Display', serif;\r\n  font-size: 48px;\r\n  color: var(--dark-text);\r\n  margin-bottom: 12px;\r\n}\r\n\r\n.about-header p {\r\n  color: var(--muted-text);\r\n  font-size: 16px;\r\n  max-width: 520px;\r\n  margin: auto;\r\n}\r\n\r\n\/* ================= STORY ================= *\/\r\n.about-story {\r\n  display: grid;\r\n  grid-template-columns: 2fr 1fr;\r\n  gap: 40px;\r\n  align-items: center;\r\n  margin-bottom: 90px;\r\n}\r\n\r\n.story-text h3 {\r\n  font-size: 22px;\r\n  font-weight: 600;\r\n  color: var(--dark-text);\r\n  margin-bottom: 16px;\r\n}\r\n\r\n.story-text p {\r\n  font-size: 15px;\r\n  line-height: 1.7;\r\n  color: var(--muted-text);\r\n  margin-bottom: 14px;\r\n}\r\n\r\n.story-stats {\r\n  background: #DDECE1;\r\n  border-radius: 18px;\r\n  padding: 40px 30px;\r\n  text-align: center;\r\n}\r\n\r\n.stat {\r\n  margin-bottom: 26px;\r\n}\r\n\r\n.stat:last-child {\r\n  margin-bottom: 0;\r\n}\r\n\r\n.stat strong {\r\n  display: block;\r\n  font-size: 32px;\r\n  font-weight: 700;\r\n  color: #1ca845;\r\n}\r\n\r\n.stat span {\r\n  font-size: 14px;\r\n  color: var(--muted-text);\r\n}\r\n\r\n\/* ================= VALUES ================= *\/\r\n.about-values {\r\n  text-align: center;\r\n  margin-bottom: 80px;\r\n}\r\n\r\n.about-values h2 {\r\n  font-family: 'Playfair Display', serif;\r\n  font-size: 40px;\r\n  color: var(--dark-text);\r\n  margin-bottom: 10px;\r\n}\r\n\r\n.about-values p {\r\n  color: var(--muted-text);\r\n  font-size: 16px;\r\n  margin-bottom: 40px;\r\n}\r\n\r\n.values-grid {\r\n  display: grid;\r\n  grid-template-columns: repeat(4, 1fr);\r\n  gap: 24px;\r\n}\r\n\r\n.value-card {\r\n  background: var(--white);\r\n  border: 1px solid var(--border-light);\r\n  border-radius: 16px;\r\n  padding: 26px 20px;\r\n  text-align: center;\r\n}\r\n\r\n.value-icon {\r\n  width: 46px;\r\n  height: 46px;\r\n  background: var(--soft-orange);\r\n  color: var(--primary-orange);\r\n  border-radius: 12px;\r\n  display: flex;\r\n  align-items: center;\r\n  justify-content: center;\r\n  font-size: 18px;\r\n  margin: 0 auto 14px;\r\n}\r\n\r\n.value-card h4 {\r\n  font-size: 16px;\r\n  font-weight: 600;\r\n  color: var(--dark-text);\r\n  margin-bottom: 8px;\r\n}\r\n\r\n.value-card p {\r\n  font-size: 14px;\r\n  color: var(--muted-text);\r\n  line-height: 1.6;\r\n}\r\n\r\n\/* ================= MISSION ================= *\/\r\n.about-mission {\r\n  background: #1ca845;\r\n  border-radius: 18px;\r\n  padding: 50px 40px;\r\n  text-align: center;\r\n  color: #fff;\r\n}\r\n\r\n.about-mission h2 {\r\n  font-family: 'Playfair Display', serif;\r\n  color:#fff;\r\n  font-size: 36px;\r\n  margin-bottom: 12px;\r\n}\r\n\r\n.about-mission p {\r\n  font-size: 16px;\r\n  line-height: 1.7;\r\n  max-width: 720px;\r\n  margin: auto;\r\n  opacity: 0.95;\r\n}\r\n\r\n\/* ================= RESPONSIVE ================= *\/\r\n@media (max-width: 900px) {\r\n  .about-story {\r\n    grid-template-columns: 1fr;\r\n  }\r\n\r\n  .values-grid {\r\n    grid-template-columns: 1fr 1fr;\r\n  }\r\n}\r\n\r\n@media (max-width: 500px) {\r\n  .values-grid {\r\n    grid-template-columns: 1fr;\r\n  }\r\n\r\n  .about-header h1 {\r\n    font-size: 36px;\r\n  }\r\n\r\n  .about-values h2 {\r\n    font-size: 32px;\r\n  }\r\n\r\n  .about-mission h2 {\r\n    font-size: 28px;\r\n  }\r\n}\r\n<\/style>\r\n\r\n<section class=\"about-section\">\r\n  <div class=\"about-container\">\r\n\r\n    <!-- HEADER -->\r\n    <div class=\"about-header\">\r\n      <h1>Sobre n\u00f3s<\/h1>\r\n      <p>\r\n        Somos apaixonados por ajudar as pessoas a poupar dinheiro atrav\u00e9s de\r\n        c\u00f3digos de refer\u00eancia verificados e ofertas exclusivas.\r\n      <\/p>\r\n    <\/div>\r\n\r\n    <!-- STORY -->\r\n    <div class=\"about-story\">\r\n      <div class=\"story-text\">\r\n        <h3>A nossa hist\u00f3ria<\/h3>\r\n        <p>\r\n          ReferralCodes.in foi criado com uma ideia simples: tornar mais f\u00e1cil para\r\n          todos acederem a c\u00f3digos de refer\u00eancia funcionais e pouparem dinheiro nas suas\r\n          compras di\u00e1rias.\r\n        <\/p>\r\n        <p>\r\n          Verific\u00e1mos que encontrar c\u00f3digos de refer\u00eancia v\u00e1lidos era frustrante. Muitos\r\n          sites apresentavam ofertas expiradas ou falsas, desperdi\u00e7ando o tempo das pessoas.\r\n          Decidimos mudar isso.\r\n        <\/p>\r\n        <p>\r\n          Atualmente, seleccionamos e verificamos c\u00f3digos de refer\u00eancia em plataformas populares,\r\n          incluindo compras, entrega de comida, viagens e fintech.\r\n        <\/p>\r\n      <\/div>\r\n\r\n      <div class=\"story-stats\">\r\n        <div class=\"stat\">\r\n          <strong>500+<\/strong>\r\n          <span>C\u00f3digos de refer\u00eancia activos<\/span>\r\n        <\/div>\r\n        <div class=\"stat\">\r\n          <strong>\u20b950L+<\/strong>\r\n          <span>Guardado pelos nossos utilizadores<\/span>\r\n        <\/div>\r\n      <\/div>\r\n    <\/div>\r\n\r\n    <!-- VALUES -->\r\n    <div class=\"about-values\">\r\n      <h2>Os nossos valores<\/h2>\r\n      <p>Estes princ\u00edpios fundamentais orientam tudo o que fazemos.<\/p>\r\n\r\n      <div class=\"values-grid\">\r\n        <div class=\"value-card\">\r\n          <div class=\"value-icon\">\ud83c\udfaf<\/div>\r\n          <h4>Exatid\u00e3o<\/h4>\r\n          <p>\r\n            Todos os c\u00f3digos de refer\u00eancia s\u00e3o testados e verificados antes de serem publicados.\r\n          <\/p>\r\n        <\/div>\r\n\r\n        <div class=\"value-card\">\r\n          <div class=\"value-icon\">\ud83e\udd1d<\/div>\r\n          <h4>Comunidade<\/h4>\r\n          <p>\r\n            Acreditamos na transpar\u00eancia e na cria\u00e7\u00e3o de confian\u00e7a com os nossos utilizadores.\r\n          <\/p>\r\n        <\/div>\r\n\r\n        <div class=\"value-card\">\r\n          <div class=\"value-icon\">\u2b50<\/div>\r\n          <h4>Qualidade<\/h4>\r\n          <p>\r\n            Concentramo-nos apenas em neg\u00f3cios de elevado valor que beneficiam verdadeiramente os utilizadores.\r\n          <\/p>\r\n        <\/div>\r\n\r\n        <div class=\"value-card\">\r\n          <div class=\"value-icon\">\u2764\ufe0f<\/div>\r\n          <h4>Confian\u00e7a<\/h4>\r\n          <p>\r\n            A sua confian\u00e7a \u00e9 importante para n\u00f3s e trabalhamos arduamente para a merecer todos os dias.\r\n          <\/p>\r\n        <\/div>\r\n      <\/div>\r\n    <\/div>\r\n\r\n    <!-- MISSION -->\r\n    <div class=\"about-mission\">\r\n      <h2>Our Mission<\/h2>\r\n      <p>\r\n        To empower every Indian shopper with access to verified referral codes\r\n        and deals, making savings accessible to all without the hassle of\r\n        searching for working codes.\r\n      <\/p>\r\n    <\/div>\r\n\r\n  <\/div>\r\n<\/section>\r\n\t\t\t\t<\/div>\n\t\t\t\t\t<\/div>\n\t\t\t\t<\/div>\n\t\t\t\t<\/div>","protected":false},"excerpt":{"rendered":"<p>About Us We\u2019re passionate about helping people save money through verified referral codes and exclusive deals. Our Story ReferralCodes.in was [&hellip;]<\/p>\n","protected":false},"author":1,"featured_media":0,"parent":0,"menu_order":0,"comment_status":"closed","ping_status":"closed","template":"","meta":{"site-sidebar-layout":"no-sidebar","site-content-layout":"","ast-site-content-layout":"full-width-container","site-content-style":"default","site-sidebar-style":"default","ast-global-header-display":"","ast-banner-title-visibility":"","ast-main-header-display":"","ast-hfb-above-header-display":"","ast-hfb-below-header-display":"","ast-hfb-mobile-header-display":"","site-post-title":"","ast-breadcrumbs-content":"","ast-featured-img":"disabled","footer-sml-layout":"","ast-disable-related-posts":"","theme-transparent-header-meta":"","adv-header-id-meta":"","stick-header-meta":"","header-above-stick-meta":"","header-main-stick-meta":"","header-below-stick-meta":"","astra-migrate-meta-layouts":"default","ast-page-background-enabled":"default","ast-page-background-meta":{"desktop":{"background-color":"var(--ast-global-color-5)","background-image":"","background-repeat":"repeat","background-position":"center center","background-size":"auto","background-attachment":"scroll","background-type":"","background-media":"","overlay-type":"","overlay-color":"","overlay-opacity":"","overlay-gradient":""},"tablet":{"background-color":"","background-image":"","background-repeat":"repeat","background-position":"center center","background-size":"auto","background-attachment":"scroll","background-type":"","background-media":"","overlay-type":"","overlay-color":"","overlay-opacity":"","overlay-gradient":""},"mobile":{"background-color":"","background-image":"","background-repeat":"repeat","background-position":"center center","background-size":"auto","background-attachment":"scroll","background-type":"","background-media":"","overlay-type":"","overlay-color":"","overlay-opacity":"","overlay-gradient":""}},"ast-content-background-meta":{"desktop":{"background-color":"var(--ast-global-color-4)","background-image":"","background-repeat":"repeat","background-position":"center center","background-size":"auto","background-attachment":"scroll","background-type":"","background-media":"","overlay-type":"","overlay-color":"","overlay-opacity":"","overlay-gradient":""},"tablet":{"background-color":"var(--ast-global-color-4)","background-image":"","background-repeat":"repeat","background-position":"center center","background-size":"auto","background-attachment":"scroll","background-type":"","background-media":"","overlay-type":"","overlay-color":"","overlay-opacity":"","overlay-gradient":""},"mobile":{"background-color":"var(--ast-global-color-4)","background-image":"","background-repeat":"repeat","background-position":"center center","background-size":"auto","background-attachment":"scroll","background-type":"","background-media":"","overlay-type":"","overlay-color":"","overlay-opacity":"","overlay-gradient":""}},"footnotes":""},"class_list":["post-50","page","type-page","status-publish","hentry"],"_links":{"self":[{"href":"https:\/\/referralcode.us.com\/pt\/wp-json\/wp\/v2\/pages\/50","targetHints":{"allow":["GET"]}}],"collection":[{"href":"https:\/\/referralcode.us.com\/pt\/wp-json\/wp\/v2\/pages"}],"about":[{"href":"https:\/\/referralcode.us.com\/pt\/wp-json\/wp\/v2\/types\/page"}],"author":[{"embeddable":true,"href":"https:\/\/referralcode.us.com\/pt\/wp-json\/wp\/v2\/users\/1"}],"replies":[{"embeddable":true,"href":"https:\/\/referralcode.us.com\/pt\/wp-json\/wp\/v2\/comments?post=50"}],"version-history":[{"count":10,"href":"https:\/\/referralcode.us.com\/pt\/wp-json\/wp\/v2\/pages\/50\/revisions"}],"predecessor-version":[{"id":2403,"href":"https:\/\/referralcode.us.com\/pt\/wp-json\/wp\/v2\/pages\/50\/revisions\/2403"}],"wp:attachment":[{"href":"https:\/\/referralcode.us.com\/pt\/wp-json\/wp\/v2\/media?parent=50"}],"curies":[{"name":"wp","href":"https:\/\/api.w.org\/{rel}","templated":true}]}}